{"id":9,"date":"2017-01-17T11:10:27","date_gmt":"2017-01-17T10:10:27","guid":{"rendered":"http:\/\/www.immoprojekt-ulm.de\/?page_id=9"},"modified":"2022-01-10T11:47:31","modified_gmt":"2022-01-10T10:47:31","slug":"kontakt","status":"publish","type":"page","link":"https:\/\/www.immoprojekt-ulm.de\/?page_id=9","title":{"rendered":"Kontakt"},"content":{"rendered":"<h2><span style=\"font-weight: 400;\">ImmoProJekt-Ulm GbR<\/span><\/h2>\n<p><span style=\"font-weight: 400;\">Gesellschaft des b\u00fcrgerlichen Rechts<br \/>\n<\/span><span style=\"font-weight: 400;\">Ust.Ident.-Nr.: DE295042501<\/span><\/p>\n<p><span style=\"font-weight: 400;\">Otto-Lilienthal-Stra\u00dfe 2<br \/>\n89160 Dornstadt<br \/>\n<\/span><span style=\"font-weight: 400;\">E-Mail: info@immoprojekt-ulm.de<\/span><\/p>\n<p><span style=\"font-weight: 400;\">Vertretungsberechtigter: Philip Schuster, Julia Neum\u00fcller<br \/>\n<\/span><span style=\"font-weight: 400;\">Berufsaufsichtbeh\u00f6rde: Amtsgericht Ulm, 89073 Ulm, Zeughausgasse 14<br \/>\n<\/span><span style=\"font-weight: 400;\">Berufskammer: IHK Ulm<\/span> <span style=\"font-weight: 400;\">Ulm<\/span> <span style=\"font-weight: 400;\">89075<\/span> <span style=\"font-weight: 400;\">Deutschland<\/span><\/p>\n<p><span style=\"font-weight: 400;\">Telefon 01520 8593215<\/span><\/p>\n<p><a href=\"https:\/\/www.immoprojekt-ulm.de\/\"><span style=\"font-weight: 400;\">http:\/\/www.ImmoProJekt-Ulm.de<\/span><\/a><\/p>\n","protected":false},"excerpt":{"rendered":"<p>ImmoProJekt-Ulm GbR Gesellschaft des b\u00fcrgerlichen Rechts Ust.Ident.-Nr.: DE295042501 Otto-Lilienthal-Stra\u00dfe 2 89160 Dornstadt E-Mail: info@immoprojekt-ulm.de Vertretungsberechtigter: Philip Schuster, Julia Neum\u00fcller Berufsaufsichtbeh\u00f6rde: Amtsgericht Ulm, 89073 Ulm, Zeughausgasse 14 Berufskammer: IHK Ulm Ulm 89075 Deutschland Telefon 01520 8593215 http:\/\/www.ImmoProJekt-Ulm.de<\/p>\n","protected":false},"author":1,"featured_media":4,"parent":0,"menu_order":0,"comment_status":"closed","ping_status":"closed","template":"","meta":{"footnotes":""},"class_list":["post-9","page","type-page","status-publish","has-post-thumbnail","hentry"],"_links":{"self":[{"href":"https:\/\/www.immoprojekt-ulm.de\/index.php?rest_route=\/wp\/v2\/pages\/9","targetHints":{"allow":["GET"]}}],"collection":[{"href":"https:\/\/www.immoprojekt-ulm.de\/index.php?rest_route=\/wp\/v2\/pages"}],"about":[{"href":"https:\/\/www.immoprojekt-ulm.de\/index.php?rest_route=\/wp\/v2\/types\/page"}],"author":[{"embeddable":true,"href":"https:\/\/www.immoprojekt-ulm.de\/index.php?rest_route=\/wp\/v2\/users\/1"}],"replies":[{"embeddable":true,"href":"https:\/\/www.immoprojekt-ulm.de\/index.php?rest_route=%2Fwp%2Fv2%2Fcomments&post=9"}],"version-history":[{"count":3,"href":"https:\/\/www.immoprojekt-ulm.de\/index.php?rest_route=\/wp\/v2\/pages\/9\/revisions"}],"predecessor-version":[{"id":57,"href":"https:\/\/www.immoprojekt-ulm.de\/index.php?rest_route=\/wp\/v2\/pages\/9\/revisions\/57"}],"wp:featuredmedia":[{"embeddable":true,"href":"https:\/\/www.immoprojekt-ulm.de\/index.php?rest_route=\/wp\/v2\/media\/4"}],"wp:attachment":[{"href":"https:\/\/www.immoprojekt-ulm.de\/index.php?rest_route=%2Fwp%2Fv2%2Fmedia&parent=9"}],"curies":[{"name":"wp","href":"https:\/\/api.w.org\/{rel}","templated":true}]}}