{"id":8,"date":"2017-01-17T11:10:27","date_gmt":"2017-01-17T10:10:27","guid":{"rendered":"http:\/\/www.immoprojekt-ulm.de\/?page_id=8"},"modified":"2025-04-09T13:39:26","modified_gmt":"2025-04-09T11:39:26","slug":"ueber-mich","status":"publish","type":"page","link":"https:\/\/www.immoprojekt-ulm.de\/?page_id=8","title":{"rendered":"Das Unternehmen"},"content":{"rendered":"<p class=\"\" data-start=\"156\" data-end=\"319\"><strong data-start=\"156\" data-end=\"175\">ImmoProJekt-Ulm<\/strong> ist eine Gesellschaft b\u00fcrgerlichen Rechts, die mit dem Ziel gegr\u00fcndet wurde, Immobilien nachhaltig zu verwalten und professionell zu vermieten.<\/p>\n<p class=\"\" data-start=\"321\" data-end=\"542\">Das Unternehmen geht aus der ehemaligen <strong data-start=\"361\" data-end=\"471\">Schuster \/ Neum\u00fcller \/ Schuster-Buck Grundst\u00fcckseigentums- und Verwaltungsgesellschaft b\u00fcrgerlichen Rechts<\/strong> hervor und firmiert seit 2014 unter dem Namen <strong data-start=\"518\" data-end=\"541\">ImmoProJekt-Ulm GbR<\/strong>.<\/p>\n<p class=\"\" data-start=\"544\" data-end=\"709\">Dank jahrzehntelanger Erfahrung in der Immobilienvermietung \u2013 gewachsen seit 1990 \u2013 stehen wir f\u00fcr kompetente, faire und l\u00f6sungsorientierte Betreuung unserer Mieter.<\/p>\n<p class=\"\" data-start=\"711\" data-end=\"821\"><strong data-start=\"711\" data-end=\"821\">Ihr Interesse freut uns \u2013 kontaktieren Sie uns gerne f\u00fcr ein pers\u00f6nliches Gespr\u00e4ch oder eine Besichtigung.<\/strong><\/p>\n","protected":false},"excerpt":{"rendered":"<p>ImmoProJekt-Ulm ist eine Gesellschaft b\u00fcrgerlichen Rechts, die mit dem Ziel gegr\u00fcndet wurde, Immobilien nachhaltig zu verwalten und professionell zu vermieten. Das Unternehmen geht aus der ehemaligen Schuster \/ Neum\u00fcller \/ Schuster-Buck Grundst\u00fcckseigentums- und Verwaltungsgesellschaft b\u00fcrgerlichen Rechts hervor und firmiert seit 2014 unter dem Namen ImmoProJekt-Ulm GbR. Dank jahrzehntelanger Erfahrung in der Immobilienvermietung \u2013 gewachsen seit [&hellip;]<\/p>\n","protected":false},"author":1,"featured_media":5,"parent":0,"menu_order":0,"comment_status":"closed","ping_status":"closed","template":"","meta":{"footnotes":""},"class_list":["post-8","page","type-page","status-publish","has-post-thumbnail","hentry"],"_links":{"self":[{"href":"https:\/\/www.immoprojekt-ulm.de\/index.php?rest_route=\/wp\/v2\/pages\/8","targetHints":{"allow":["GET"]}}],"collection":[{"href":"https:\/\/www.immoprojekt-ulm.de\/index.php?rest_route=\/wp\/v2\/pages"}],"about":[{"href":"https:\/\/www.immoprojekt-ulm.de\/index.php?rest_route=\/wp\/v2\/types\/page"}],"author":[{"embeddable":true,"href":"https:\/\/www.immoprojekt-ulm.de\/index.php?rest_route=\/wp\/v2\/users\/1"}],"replies":[{"embeddable":true,"href":"https:\/\/www.immoprojekt-ulm.de\/index.php?rest_route=%2Fwp%2Fv2%2Fcomments&post=8"}],"version-history":[{"count":3,"href":"https:\/\/www.immoprojekt-ulm.de\/index.php?rest_route=\/wp\/v2\/pages\/8\/revisions"}],"predecessor-version":[{"id":67,"href":"https:\/\/www.immoprojekt-ulm.de\/index.php?rest_route=\/wp\/v2\/pages\/8\/revisions\/67"}],"wp:featuredmedia":[{"embeddable":true,"href":"https:\/\/www.immoprojekt-ulm.de\/index.php?rest_route=\/wp\/v2\/media\/5"}],"wp:attachment":[{"href":"https:\/\/www.immoprojekt-ulm.de\/index.php?rest_route=%2Fwp%2Fv2%2Fmedia&parent=8"}],"curies":[{"name":"wp","href":"https:\/\/api.w.org\/{rel}","templated":true}]}}