{"id":7,"date":"2017-01-17T11:10:27","date_gmt":"2017-01-17T10:10:27","guid":{"rendered":"http:\/\/www.immoprojekt-ulm.de\/?page_id=7"},"modified":"2025-04-09T13:36:49","modified_gmt":"2025-04-09T11:36:49","slug":"startseite","status":"publish","type":"page","link":"https:\/\/www.immoprojekt-ulm.de\/","title":{"rendered":"Startseite"},"content":{"rendered":"<p class=\"\" data-start=\"187\" data-end=\"221\"><strong data-start=\"187\" data-end=\"221\">Willkommen bei ImmoProJekt-Ulm<\/strong><\/p>\n<p class=\"\" data-start=\"223\" data-end=\"370\">Als Eigent\u00fcmer mehrerer Wohn- und Gewerbeimmobilien sind wir auf die professionelle <strong data-start=\"307\" data-end=\"321\">Vermietung<\/strong> und <strong data-start=\"326\" data-end=\"355\">Verwaltung von Immobilien<\/strong> spezialisiert.<\/p>\n<p class=\"\" data-start=\"372\" data-end=\"458\">Wir freuen uns \u00fcber Ihr Interesse und stehen Ihnen bei R\u00fcckfragen gerne zur Verf\u00fcgung.<\/p>\n<p class=\"\" data-start=\"460\" data-end=\"492\"><strong data-start=\"460\" data-end=\"492\">Ihr Team von<\/strong><span style=\"font-weight: 400;\">\u00a0<strong><span style=\"color: #000000;\">I<\/span>mmo<span style=\"color: #ff0000;\">P<\/span>ro<span style=\"color: #ff0000;\">J<\/span>ekt-Ulm<\/strong><\/span><\/p>\n","protected":false},"excerpt":{"rendered":"<p>Willkommen bei ImmoProJekt-Ulm Als Eigent\u00fcmer mehrerer Wohn- und Gewerbeimmobilien sind wir auf die professionelle Vermietung und Verwaltung von Immobilien spezialisiert. Wir freuen uns \u00fcber Ihr Interesse und stehen Ihnen bei R\u00fcckfragen gerne zur Verf\u00fcgung. Ihr Team von\u00a0ImmoProJekt-Ulm<\/p>\n","protected":false},"author":1,"featured_media":0,"parent":0,"menu_order":0,"comment_status":"closed","ping_status":"closed","template":"","meta":{"footnotes":""},"class_list":["post-7","page","type-page","status-publish","hentry"],"_links":{"self":[{"href":"https:\/\/www.immoprojekt-ulm.de\/index.php?rest_route=\/wp\/v2\/pages\/7","targetHints":{"allow":["GET"]}}],"collection":[{"href":"https:\/\/www.immoprojekt-ulm.de\/index.php?rest_route=\/wp\/v2\/pages"}],"about":[{"href":"https:\/\/www.immoprojekt-ulm.de\/index.php?rest_route=\/wp\/v2\/types\/page"}],"author":[{"embeddable":true,"href":"https:\/\/www.immoprojekt-ulm.de\/index.php?rest_route=\/wp\/v2\/users\/1"}],"replies":[{"embeddable":true,"href":"https:\/\/www.immoprojekt-ulm.de\/index.php?rest_route=%2Fwp%2Fv2%2Fcomments&post=7"}],"version-history":[{"count":4,"href":"https:\/\/www.immoprojekt-ulm.de\/index.php?rest_route=\/wp\/v2\/pages\/7\/revisions"}],"predecessor-version":[{"id":66,"href":"https:\/\/www.immoprojekt-ulm.de\/index.php?rest_route=\/wp\/v2\/pages\/7\/revisions\/66"}],"wp:attachment":[{"href":"https:\/\/www.immoprojekt-ulm.de\/index.php?rest_route=%2Fwp%2Fv2%2Fmedia&parent=7"}],"curies":[{"name":"wp","href":"https:\/\/api.w.org\/{rel}","templated":true}]}}